{"id":762,"date":"2018-10-12T20:24:28","date_gmt":"2018-10-12T20:24:28","guid":{"rendered":"http:\/\/mirkakaarina.fi\/?page_id=762"},"modified":"2018-10-18T07:35:25","modified_gmt":"2018-10-18T07:35:25","slug":"blog-blogi","status":"publish","type":"page","link":"https:\/\/mirkakaarina.fi\/?page_id=762","title":{"rendered":"Blogi \/ Blog"},"content":{"rendered":"<div class=\"row\" style=\"margin-bottom:10px;\">\r\n<div class=\"col-sm-4 single-post-left\">\r\n<img width=\"5472\" height=\"3648\" src=\"https:\/\/mirkakaarina.fi\/wp-content\/uploads\/2019\/02\/IMG_0923.jpg\" class=\"attachment-post-thumbnail size-post-thumbnail wp-post-image\" alt=\"\" decoding=\"async\" srcset=\"https:\/\/mirkakaarina.fi\/wp-content\/uploads\/2019\/02\/IMG_0923.jpg 5472w, https:\/\/mirkakaarina.fi\/wp-content\/uploads\/2019\/02\/IMG_0923-150x100.jpg 150w, https:\/\/mirkakaarina.fi\/wp-content\/uploads\/2019\/02\/IMG_0923-300x200.jpg 300w, https:\/\/mirkakaarina.fi\/wp-content\/uploads\/2019\/02\/IMG_0923-768x512.jpg 768w, https:\/\/mirkakaarina.fi\/wp-content\/uploads\/2019\/02\/IMG_0923-1024x683.jpg 1024w\" sizes=\"(max-width: 5472px) 100vw, 5472px\" \/><div class=\"single-post-meta\" style=\"padding:0px 50px;\"><\/div>\r\n<\/div>\r\n\r\n<div class=\"col-sm-8 single-post-right\" style=\"padding:0px 50px;\">\r\n  <header class=\"entry-header\">\r\n    <h1 class=\"entry-title\">\r\n\u201cTake me for my body\u201d    <\/h1>\r\n  <\/header>\r\n  <div class=\"entry-content\">\r\n<h3>ja muita musahuomiotalouden bisarriteettej\u00e4<\/h3>\n<p> <a href=\"https:\/\/mirkakaarina.fi\/?p=902#more-902\" class=\"more-link\"><span aria-label=\"Jatka artikkelin \u201cTake me for my body\u201d lukemista\">(lis\u00e4\u00e4&hellip;)<\/span><\/a><\/p>\n  <\/div>\r\n<\/div>\r\n<\/div>\r\n<div class=\"row\" style=\"margin-bottom:10px;\">\r\n<div class=\"col-sm-4 single-post-left\">\r\n<img width=\"5059\" height=\"3384\" src=\"https:\/\/mirkakaarina.fi\/wp-content\/uploads\/2018\/10\/Lontoossa14_verkkoon_3.5.18.jpg\" class=\"attachment-post-thumbnail size-post-thumbnail wp-post-image\" alt=\"\" decoding=\"async\" srcset=\"https:\/\/mirkakaarina.fi\/wp-content\/uploads\/2018\/10\/Lontoossa14_verkkoon_3.5.18.jpg 5059w, https:\/\/mirkakaarina.fi\/wp-content\/uploads\/2018\/10\/Lontoossa14_verkkoon_3.5.18-150x100.jpg 150w, https:\/\/mirkakaarina.fi\/wp-content\/uploads\/2018\/10\/Lontoossa14_verkkoon_3.5.18-300x201.jpg 300w, https:\/\/mirkakaarina.fi\/wp-content\/uploads\/2018\/10\/Lontoossa14_verkkoon_3.5.18-768x514.jpg 768w, https:\/\/mirkakaarina.fi\/wp-content\/uploads\/2018\/10\/Lontoossa14_verkkoon_3.5.18-1024x685.jpg 1024w\" sizes=\"(max-width: 5059px) 100vw, 5059px\" \/><div class=\"single-post-meta\" style=\"padding:0px 50px;\"><\/div>\r\n<\/div>\r\n\r\n<div class=\"col-sm-8 single-post-right\" style=\"padding:0px 50px;\">\r\n  <header class=\"entry-header\">\r\n    <h1 class=\"entry-title\">\r\nNO NIIN YRTSI, MILT\u00c4 MENO MAISTUU?    <\/h1>\r\n  <\/header>\r\n  <div class=\"entry-content\">\r\n<h3>Eli oodi hyv\u00e4ntahtoisille kuuntelijoille<\/h3>\n<p> <a href=\"https:\/\/mirkakaarina.fi\/?p=839#more-839\" class=\"more-link\"><span aria-label=\"Jatka artikkelin NO NIIN YRTSI, MILT\u00c4 MENO MAISTUU? lukemista\">(lis\u00e4\u00e4&hellip;)<\/span><\/a><\/p>\n  <\/div>\r\n<\/div>\r\n<\/div>\r\n<div class=\"row\" style=\"margin-bottom:10px;\">\r\n<div class=\"col-sm-4 single-post-left\">\r\n<img width=\"5472\" height=\"3648\" src=\"https:\/\/mirkakaarina.fi\/wp-content\/uploads\/2018\/10\/IMG_5080_muokattu_faceen.jpg\" class=\"attachment-post-thumbnail size-post-thumbnail wp-post-image\" alt=\"\" decoding=\"async\" srcset=\"https:\/\/mirkakaarina.fi\/wp-content\/uploads\/2018\/10\/IMG_5080_muokattu_faceen.jpg 5472w, https:\/\/mirkakaarina.fi\/wp-content\/uploads\/2018\/10\/IMG_5080_muokattu_faceen-150x100.jpg 150w, https:\/\/mirkakaarina.fi\/wp-content\/uploads\/2018\/10\/IMG_5080_muokattu_faceen-300x200.jpg 300w, https:\/\/mirkakaarina.fi\/wp-content\/uploads\/2018\/10\/IMG_5080_muokattu_faceen-768x512.jpg 768w, https:\/\/mirkakaarina.fi\/wp-content\/uploads\/2018\/10\/IMG_5080_muokattu_faceen-1024x683.jpg 1024w\" sizes=\"(max-width: 5472px) 100vw, 5472px\" \/><div class=\"single-post-meta\" style=\"padding:0px 50px;\"><\/div>\r\n<\/div>\r\n\r\n<div class=\"col-sm-8 single-post-right\" style=\"padding:0px 50px;\">\r\n  <header class=\"entry-header\">\r\n    <h1 class=\"entry-title\">\r\nLOMABLUESIA JA EL\u00c4M\u00c4NKULISSEJA    <\/h1>\r\n  <\/header>\r\n  <div class=\"entry-content\">\r\n<h3>Eli tarina siit\u00e4 kuinka ty\u00f6el\u00e4m\u00e4ahdistus taipuu musiikkivideoksi<\/h3>\n<p> <a href=\"https:\/\/mirkakaarina.fi\/?p=739#more-739\" class=\"more-link\"><span aria-label=\"Jatka artikkelin LOMABLUESIA JA EL\u00c4M\u00c4NKULISSEJA lukemista\">(lis\u00e4\u00e4&hellip;)<\/span><\/a><\/p>\n  <\/div>\r\n<\/div>\r\n<\/div>\r\n\n","protected":false},"excerpt":{"rendered":"","protected":false},"author":2,"featured_media":763,"parent":0,"menu_order":0,"comment_status":"closed","ping_status":"closed","template":"","meta":{"footnotes":""},"yoast_head":"<!-- This site is optimized with the Yoast SEO plugin v21.3 - https:\/\/yoast.com\/wordpress\/plugins\/seo\/ -->\n<title>Blogi \/ Blog - MirkaKaarina<\/title>\n<meta name=\"robots\" content=\"index, follow, max-snippet:-1, max-image-preview:large, max-video-preview:-1\" \/>\n<link rel=\"canonical\" href=\"https:\/\/mirkakaarina.fi\/?page_id=762\" \/>\n<meta property=\"og:locale\" content=\"fi_FI\" \/>\n<meta property=\"og:type\" content=\"article\" \/>\n<meta property=\"og:title\" content=\"Blogi \/ Blog - MirkaKaarina\" \/>\n<meta property=\"og:url\" content=\"https:\/\/mirkakaarina.fi\/?page_id=762\" \/>\n<meta property=\"og:site_name\" content=\"MirkaKaarina\" \/>\n<meta property=\"article:modified_time\" content=\"2018-10-18T07:35:25+00:00\" \/>\n<meta property=\"og:image\" content=\"https:\/\/mirkakaarina.fi\/wp-content\/uploads\/2018\/10\/Vihtorin-live_Suvi-Manninen_tuunattu.jpg\" \/>\n\t<meta property=\"og:image:width\" content=\"643\" \/>\n\t<meta property=\"og:image:height\" content=\"798\" \/>\n\t<meta property=\"og:image:type\" content=\"image\/jpeg\" \/>\n<meta name=\"twitter:card\" content=\"summary_large_image\" \/>\n<script type=\"application\/ld+json\" class=\"yoast-schema-graph\">{\"@context\":\"https:\/\/schema.org\",\"@graph\":[{\"@type\":\"WebPage\",\"@id\":\"https:\/\/mirkakaarina.fi\/?page_id=762\",\"url\":\"https:\/\/mirkakaarina.fi\/?page_id=762\",\"name\":\"Blogi \/ Blog - MirkaKaarina\",\"isPartOf\":{\"@id\":\"https:\/\/mirkakaarina.fi\/#website\"},\"datePublished\":\"2018-10-12T20:24:28+00:00\",\"dateModified\":\"2018-10-18T07:35:25+00:00\",\"breadcrumb\":{\"@id\":\"https:\/\/mirkakaarina.fi\/?page_id=762#breadcrumb\"},\"inLanguage\":\"fi\",\"potentialAction\":[{\"@type\":\"ReadAction\",\"target\":[\"https:\/\/mirkakaarina.fi\/?page_id=762\"]}]},{\"@type\":\"BreadcrumbList\",\"@id\":\"https:\/\/mirkakaarina.fi\/?page_id=762#breadcrumb\",\"itemListElement\":[{\"@type\":\"ListItem\",\"position\":1,\"name\":\"Home\",\"item\":\"https:\/\/mirkakaarina.fi\/\"},{\"@type\":\"ListItem\",\"position\":2,\"name\":\"Blogi \/ Blog\"}]},{\"@type\":\"WebSite\",\"@id\":\"https:\/\/mirkakaarina.fi\/#website\",\"url\":\"https:\/\/mirkakaarina.fi\/\",\"name\":\"MirkaKaarina\",\"description\":\"Laulaja, lauluntekij\u00e4, laulunopettaja\",\"potentialAction\":[{\"@type\":\"SearchAction\",\"target\":{\"@type\":\"EntryPoint\",\"urlTemplate\":\"https:\/\/mirkakaarina.fi\/?s={search_term_string}\"},\"query-input\":\"required name=search_term_string\"}],\"inLanguage\":\"fi\"}]}<\/script>\n<!-- \/ Yoast SEO plugin. -->","yoast_head_json":{"title":"Blogi \/ Blog - MirkaKaarina","robots":{"index":"index","follow":"follow","max-snippet":"max-snippet:-1","max-image-preview":"max-image-preview:large","max-video-preview":"max-video-preview:-1"},"canonical":"https:\/\/mirkakaarina.fi\/?page_id=762","og_locale":"fi_FI","og_type":"article","og_title":"Blogi \/ Blog - MirkaKaarina","og_url":"https:\/\/mirkakaarina.fi\/?page_id=762","og_site_name":"MirkaKaarina","article_modified_time":"2018-10-18T07:35:25+00:00","og_image":[{"width":643,"height":798,"url":"https:\/\/mirkakaarina.fi\/wp-content\/uploads\/2018\/10\/Vihtorin-live_Suvi-Manninen_tuunattu.jpg","type":"image\/jpeg"}],"twitter_card":"summary_large_image","schema":{"@context":"https:\/\/schema.org","@graph":[{"@type":"WebPage","@id":"https:\/\/mirkakaarina.fi\/?page_id=762","url":"https:\/\/mirkakaarina.fi\/?page_id=762","name":"Blogi \/ Blog - MirkaKaarina","isPartOf":{"@id":"https:\/\/mirkakaarina.fi\/#website"},"datePublished":"2018-10-12T20:24:28+00:00","dateModified":"2018-10-18T07:35:25+00:00","breadcrumb":{"@id":"https:\/\/mirkakaarina.fi\/?page_id=762#breadcrumb"},"inLanguage":"fi","potentialAction":[{"@type":"ReadAction","target":["https:\/\/mirkakaarina.fi\/?page_id=762"]}]},{"@type":"BreadcrumbList","@id":"https:\/\/mirkakaarina.fi\/?page_id=762#breadcrumb","itemListElement":[{"@type":"ListItem","position":1,"name":"Home","item":"https:\/\/mirkakaarina.fi\/"},{"@type":"ListItem","position":2,"name":"Blogi \/ Blog"}]},{"@type":"WebSite","@id":"https:\/\/mirkakaarina.fi\/#website","url":"https:\/\/mirkakaarina.fi\/","name":"MirkaKaarina","description":"Laulaja, lauluntekij\u00e4, laulunopettaja","potentialAction":[{"@type":"SearchAction","target":{"@type":"EntryPoint","urlTemplate":"https:\/\/mirkakaarina.fi\/?s={search_term_string}"},"query-input":"required name=search_term_string"}],"inLanguage":"fi"}]}},"_links":{"self":[{"href":"https:\/\/mirkakaarina.fi\/index.php?rest_route=\/wp\/v2\/pages\/762"}],"collection":[{"href":"https:\/\/mirkakaarina.fi\/index.php?rest_route=\/wp\/v2\/pages"}],"about":[{"href":"https:\/\/mirkakaarina.fi\/index.php?rest_route=\/wp\/v2\/types\/page"}],"author":[{"embeddable":true,"href":"https:\/\/mirkakaarina.fi\/index.php?rest_route=\/wp\/v2\/users\/2"}],"replies":[{"embeddable":true,"href":"https:\/\/mirkakaarina.fi\/index.php?rest_route=%2Fwp%2Fv2%2Fcomments&post=762"}],"version-history":[{"count":4,"href":"https:\/\/mirkakaarina.fi\/index.php?rest_route=\/wp\/v2\/pages\/762\/revisions"}],"predecessor-version":[{"id":837,"href":"https:\/\/mirkakaarina.fi\/index.php?rest_route=\/wp\/v2\/pages\/762\/revisions\/837"}],"wp:featuredmedia":[{"embeddable":true,"href":"https:\/\/mirkakaarina.fi\/index.php?rest_route=\/wp\/v2\/media\/763"}],"wp:attachment":[{"href":"https:\/\/mirkakaarina.fi\/index.php?rest_route=%2Fwp%2Fv2%2Fmedia&parent=762"}],"curies":[{"name":"wp","href":"https:\/\/api.w.org\/{rel}","templated":true}]}}