{"id":555,"date":"2018-06-18T20:05:13","date_gmt":"2018-06-18T20:05:13","guid":{"rendered":"http:\/\/mirkakaarina.fi\/?page_id=555"},"modified":"2024-04-20T18:41:41","modified_gmt":"2024-04-20T18:41:41","slug":"singer-songwriter-projects","status":"publish","type":"page","link":"https:\/\/mirkakaarina.fi\/?page_id=555","title":{"rendered":"Oma musiikki \/ Singer-Songwriting \/ Store"},"content":{"rendered":"<div><strong>ASTANGAKASKELOTTI-EP ULKONA!<\/strong><\/div>\n<div>\u00a0<\/div>\n<div><span style=\"font-size: inherit;\">Tuorein, syksyll\u00e4 2023 julkaistu levyni kantaa nime\u00e4 Astangakaskelotti. Minialbumi on viiden biisin kokonaisuus, joka esittelee minusta <\/span><span style=\"font-size: inherit;\">rockimman puolen. <\/span><span style=\"font-size: inherit;\">Kahdelta edelliselt\u00e4 julkaisulta tuttua ovat lyriikoiden vahva kertomuksellisuus sek\u00e4 inhorealistinen ote el\u00e4misen absurditeetteihin. Poljento on osin liven\u00e4 tehtyjen \u00e4\u00e4nitysten ja erityisesti vahvan, upean b\u00e4ndin my\u00f6t\u00e4 entist\u00e4 stydimp\u00e4\u00e4. <\/span><span style=\"font-size: inherit;\">Minialbumin b\u00e4ndisoinnista vastaavat<\/span><span style=\"font-size: inherit;\"><span style=\"font-size: inherit;\"> kitaristi Antti Katajisto, basisti Jari Eerola sek\u00e4 rumpali ja perkussionisti Jouni J\u00e4rvenp\u00e4\u00e4. Tuotannon ja miksauksen on hoitanut Panu Pentik\u00e4inen Pulu Studiolta. EP:n kappaleet on julkaistu kaikissa suoratoistopalveluista sek\u00e4 YouTubessa, ja levy l\u00f6ytyy my\u00f6s fyysisen\u00e4 versiona CD-muodossa.<\/span><\/span>\n<p>\u00a0<\/p>\n<\/div>\n<div><strong>T\u00c4T\u00c4 MIN\u00c4 OLEN<\/strong><\/div>\n<div class=\"_2cuy _3dgx _2vxa\">Laulaja-lauluntekij\u00e4-musiikkini on ehtaa cross-kitcheni\u00e4: biiseiss\u00e4 soi pop, rock, folk, blues ja jazz. T\u00e4rkeimm\u00e4t elementit itselleni ovat lyriikat ja sointupohja. Kappaleiden peruskiven\u00e4 toimivat tekstit, joihin kiedon kaiken sen, mik\u00e4 sis\u00e4ll\u00e4ni kulloinkin kihisee, loiskii ja m\u00f6ngert\u00e4\u00e4. Sointupohja luo biisiin alustavan tunnelman ja j\u00e4nnitteen, mutta se, millaiseen komppiin ja meininkiin kukin biisi live-keikoilla kiedotaan, muotoutuu kulloistenkin soittajien muodostamassa taikapiiriss\u00e4. Onneksi muusikkoyst\u00e4v\u00e4ni ovat aina olleet erinomaisen sovitustaitoisia ja -intoisia!<\/div>\n<div>\u00a0<\/div>\n<div class=\"_2cuy _3dgx _2vxa\">Esiinnyn niin soolona (s\u00e4hk\u00f6pianon kanssa), duona (kitaristin tai pianistin kanssa) kuin kokonaisen b\u00e4ndin keralla. Musiikkiani l\u00f6ytyy kaikista suoratoistopalveluista (Spotify, iTunes, Deezer, Apple Music, Tidal, Google PlaySpotify jne.) ja YouTubesta fyysisin\u00e4 CD-levyin\u00e4. <span style=\"font-size: inherit;\">Kaikkia kolme julkaistua levy\u00e4 l\u00f6ytyv\u00e4t my\u00f6s CD-muodossa ja niit\u00e4 saa kernaasti tilata postitse. Ohjeet tilaamiseen <\/span><span style=\"font-size: inherit;\"><span style=\"font-size: inherit;\">l\u00f6ytyv\u00e4t t\u00e4m\u00e4n sivun alaosasta.\u00a0<\/span><\/span>\n<p>\u00a0<\/p>\n<\/div>\n<div><strong>THIS IS ME<\/strong><\/div>\n<div class=\"_2cuy _3dgx _2vxa\"><em style=\"font-size: inherit;\"><em style=\"font-size: inherit;\">I&#8217;m a Tampers-based singer-songwriter. My music draws from pop and rock and is characterized by powerful (Finnish) lyrics. Live shows are intensive performances inviting the audience to focused listening. <\/em><\/em><em style=\"font-size: inherit;\">Please find all my albums from any streaming services as well as from YouTube. I also sell CD:s in my gigs and by mail (mirka.raisanen@iki.fi).\u00a0<\/em>\n<ul>\n<li><em style=\"font-size: inherit;\">Astangakaskelotti (EP, 2023)<\/em><\/li>\n<li><em style=\"font-size: inherit;\">Yhden hengen huone (EP, 2021) \u00a0<\/em><\/li>\n<li><em style=\"font-size: inherit;\">Maailmalla (2018)<br \/><br \/><\/em><\/li>\n<\/ul>\n<\/div>\n<p><iframe loading=\"lazy\" title=\"MirkaKaarina - Boring (2023)\" width=\"640\" height=\"360\" src=\"https:\/\/www.youtube.com\/embed\/dRUC0x_4_qk?feature=oembed\" frameborder=\"0\" allow=\"accelerometer; autoplay; clipboard-write; encrypted-media; gyroscope; picture-in-picture; web-share\" referrerpolicy=\"strict-origin-when-cross-origin\" allowfullscreen><\/iframe><\/p>\n<p><iframe loading=\"lazy\" title=\"Astangakaskelotti\" width=\"640\" height=\"480\" src=\"https:\/\/www.youtube.com\/embed\/17YYEH-UgSs?feature=oembed\" frameborder=\"0\" allow=\"accelerometer; autoplay; clipboard-write; encrypted-media; gyroscope; picture-in-picture; web-share\" referrerpolicy=\"strict-origin-when-cross-origin\" allowfullscreen><\/iframe><\/p>\n<p><iframe loading=\"lazy\" title=\"MirkaKaarina - Pitk\u00e4perjantai (2021)\" width=\"640\" height=\"360\" src=\"https:\/\/www.youtube.com\/embed\/mnaqfDebqXc?feature=oembed\" frameborder=\"0\" allow=\"accelerometer; autoplay; clipboard-write; encrypted-media; gyroscope; picture-in-picture; web-share\" referrerpolicy=\"strict-origin-when-cross-origin\" allowfullscreen><\/iframe><\/p>\n<p><iframe loading=\"lazy\" title=\"MirkaKaarina - Yhden hengen huone (2021)\" width=\"640\" height=\"360\" src=\"https:\/\/www.youtube.com\/embed\/XCQo0gTsjeQ?feature=oembed\" frameborder=\"0\" allow=\"accelerometer; autoplay; clipboard-write; encrypted-media; gyroscope; picture-in-picture; web-share\" referrerpolicy=\"strict-origin-when-cross-origin\" allowfullscreen><\/iframe><\/p>\n<p><iframe loading=\"lazy\" title=\"MirkaKaarina - Aavikkobiisi (2021)\" width=\"640\" height=\"360\" src=\"https:\/\/www.youtube.com\/embed\/fGjcNv5it2k?start=15&#038;feature=oembed\" frameborder=\"0\" allow=\"accelerometer; autoplay; clipboard-write; encrypted-media; gyroscope; picture-in-picture; web-share\" referrerpolicy=\"strict-origin-when-cross-origin\" allowfullscreen><\/iframe><\/p>\n<p><iframe loading=\"lazy\" title=\"MirkaKaarina - Kukkuluuruu (2021)\" width=\"640\" height=\"360\" src=\"https:\/\/www.youtube.com\/embed\/b9lzKmBaqAw?feature=oembed\" frameborder=\"0\" allow=\"accelerometer; autoplay; clipboard-write; encrypted-media; gyroscope; picture-in-picture; web-share\" referrerpolicy=\"strict-origin-when-cross-origin\" allowfullscreen><\/iframe><\/p>\n<p><iframe loading=\"lazy\" title=\"MirkaKaarina - Valkealta Sohvalta\" width=\"640\" height=\"360\" src=\"https:\/\/www.youtube.com\/embed\/wfmBSyh1mnM?feature=oembed\" frameborder=\"0\" allow=\"accelerometer; autoplay; clipboard-write; encrypted-media; gyroscope; picture-in-picture; web-share\" referrerpolicy=\"strict-origin-when-cross-origin\" allowfullscreen><\/iframe><\/p>\n<p><iframe loading=\"lazy\" title=\"Isle of Mando - Hymyilev\u00e4 kuolema (Live)\" width=\"640\" height=\"360\" src=\"https:\/\/www.youtube.com\/embed\/uLHH6uN9rHU?feature=oembed\" frameborder=\"0\" allow=\"accelerometer; autoplay; clipboard-write; encrypted-media; gyroscope; picture-in-picture; web-share\" referrerpolicy=\"strict-origin-when-cross-origin\" allowfullscreen><\/iframe><\/p>\n<p><iframe loading=\"lazy\" title=\"MirkaKaarina Duo - Ulos! (live @ treenik\u00e4mpp\u00e4)\" width=\"640\" height=\"360\" src=\"https:\/\/www.youtube.com\/embed\/jrRkPKfQNus?feature=oembed\" frameborder=\"0\" allow=\"accelerometer; autoplay; clipboard-write; encrypted-media; gyroscope; picture-in-picture; web-share\" referrerpolicy=\"strict-origin-when-cross-origin\" allowfullscreen><\/iframe><\/p>\n<p><iframe loading=\"lazy\" title=\"MirkaKaarina Duo - Muiden Murheet (live @ treenik\u00e4mpp\u00e4)\" width=\"640\" height=\"360\" src=\"https:\/\/www.youtube.com\/embed\/I-UaLM8K43Q?feature=oembed\" frameborder=\"0\" allow=\"accelerometer; autoplay; clipboard-write; encrypted-media; gyroscope; picture-in-picture; web-share\" referrerpolicy=\"strict-origin-when-cross-origin\" allowfullscreen><\/iframe><\/p>\n\n\n<p><\/p>\n\n\n\n<h3 class=\"wp-block-heading\"><br><strong>TILAA LEVYJ\u00c4<\/strong><\/h3>\n\n\n<div class=\"wp-block-image\">\n<figure class=\"alignright size-large is-resized\"><img decoding=\"async\" loading=\"lazy\" width=\"750\" height=\"750\" src=\"https:\/\/mirkakaarina.fi\/wp-content\/uploads\/2021\/03\/Kansi-v1.1-small.jpg\" alt=\"MirkaKaarina - Yhden hengen huone kansikuva\" class=\"wp-image-1400\" style=\"width:290px;height:290px\" srcset=\"https:\/\/mirkakaarina.fi\/wp-content\/uploads\/2021\/03\/Kansi-v1.1-small.jpg 750w, https:\/\/mirkakaarina.fi\/wp-content\/uploads\/2021\/03\/Kansi-v1.1-small-300x300.jpg 300w, https:\/\/mirkakaarina.fi\/wp-content\/uploads\/2021\/03\/Kansi-v1.1-small-150x150.jpg 150w\" sizes=\"(max-width: 750px) 100vw, 750px\" \/><\/figure><\/div>\n\n<div class=\"wp-block-image\">\n<figure class=\"alignright\"><img decoding=\"async\" src=\"http:\/\/mirkakaarina.fi\/wp-content\/uploads\/2018\/04\/Ikkunalla-290x300.jpg\" alt=\"MirkaKaarina Maailmalla levyn kansikuva\" class=\"wp-image-119\"\/><\/figure><\/div>\n\n\n<p>Kaikkia kolmea julkaistua levy\u00e4ni voi mieluusti tilata postitse. Hinnasto:<\/p>\n\n\n\n<ul>\n<li><em>Astangakaskelotti (EP, 2023)<\/em> <strong><em>15e<\/em><\/strong><\/li>\n\n\n\n<li><em>Yhden hengen huone (EP, 2021) <strong>10e<\/strong>&nbsp;<\/em><\/li>\n\n\n\n<li><em>Maailmalla (2018)<\/em> <strong><em>10e<\/em><\/strong><\/li>\n<\/ul>\n\n\n\n<p><br><strong>Levyjen postitilaus onnistuu seuraavasti:<\/strong><\/p>\n\n\n\n<p>1. L\u00e4het\u00e4 ensiksi postia osoitteeseen migezi@iki.fi ja kerro, minka tai mitk\u00e4 levyt haluat ostaa, montako levy\u00e4 yhteens\u00e4 tilaat sek\u00e4 mihin tilaus postitetaan. Odota, ett\u00e4 saat vahvistuksen tilauksen loppusummasta (sis. postituskulut) paluupostina.<br>2. Maksa tilaus Marsu Recordsin tilille: FI94 1462 3500 0027 07. Viestiksi oma nimi. <br>3. Levy l\u00e4htee matkaan kun maksu n\u00e4kyy tilill\u00e4. L\u00e4mmin kiitos kun kuuntelet!<br><br><em>Maailmalla-levyn kansien suunnittelu: Taina Sahlander \/ Kuvat: Juha Lemmetti<\/em><br><em>Yhden hengen huone -levyn kansien suunnittelu: Juha Lemmetti \/ Kuvat: MirkaKaarina<\/em><br><em>Astangakaskelotti -levyn kannen suunnittelu: Henrik H\u00e4kk\u00e4 &amp; Juha Lemmetti \/ Kansitaide: Matti Mustaj\u00e4rvi \/ Sinkkujen kuvat: Matti Saarinen, Taina Sahlander, Milja Lepp\u00e4 sek\u00e4 Esa Wirta<br><\/em><\/p>\n","protected":false},"excerpt":{"rendered":"<p>ASTANGAKASKELOTTI-EP ULKONA! \u00a0 Tuorein, syksyll\u00e4 2023 julkaistu levyni kantaa nime\u00e4 Astangakaskelotti. Minialbumi on viiden biisin kokonaisuus, joka esittelee minusta rockimman puolen. Kahdelta edelliselt\u00e4 julkaisulta tuttua ovat lyriikoiden vahva kertomuksellisuus sek\u00e4 inhorealistinen ote el\u00e4misen absurditeetteihin. Poljento on osin liven\u00e4 tehtyjen \u00e4\u00e4nitysten ja erityisesti vahvan, upean b\u00e4ndin my\u00f6t\u00e4 entist\u00e4 stydimp\u00e4\u00e4. Minialbumin b\u00e4ndisoinnista vastaavat kitaristi Antti Katajisto, basisti [&hellip;]<\/p>\n","protected":false},"author":2,"featured_media":522,"parent":0,"menu_order":0,"comment_status":"closed","ping_status":"closed","template":"","meta":{"footnotes":""},"yoast_head":"<!-- This site is optimized with the Yoast SEO plugin v21.3 - https:\/\/yoast.com\/wordpress\/plugins\/seo\/ -->\n<title>Oma musiikki \/ Singer-Songwriting \/ Store - MirkaKaarina<\/title>\n<meta name=\"robots\" content=\"index, follow, max-snippet:-1, max-image-preview:large, max-video-preview:-1\" \/>\n<link rel=\"canonical\" href=\"https:\/\/mirkakaarina.fi\/?page_id=555\" \/>\n<meta property=\"og:locale\" content=\"fi_FI\" \/>\n<meta property=\"og:type\" content=\"article\" \/>\n<meta property=\"og:title\" content=\"Oma musiikki \/ Singer-Songwriting \/ Store - MirkaKaarina\" \/>\n<meta property=\"og:description\" content=\"ASTANGAKASKELOTTI-EP ULKONA! \u00a0 Tuorein, syksyll\u00e4 2023 julkaistu levyni kantaa nime\u00e4 Astangakaskelotti. Minialbumi on viiden biisin kokonaisuus, joka esittelee minusta rockimman puolen. Kahdelta edelliselt\u00e4 julkaisulta tuttua ovat lyriikoiden vahva kertomuksellisuus sek\u00e4 inhorealistinen ote el\u00e4misen absurditeetteihin. Poljento on osin liven\u00e4 tehtyjen \u00e4\u00e4nitysten ja erityisesti vahvan, upean b\u00e4ndin my\u00f6t\u00e4 entist\u00e4 stydimp\u00e4\u00e4. Minialbumin b\u00e4ndisoinnista vastaavat kitaristi Antti Katajisto, basisti [&hellip;]\" \/>\n<meta property=\"og:url\" content=\"https:\/\/mirkakaarina.fi\/?page_id=555\" \/>\n<meta property=\"og:site_name\" content=\"MirkaKaarina\" \/>\n<meta property=\"article:modified_time\" content=\"2024-04-20T18:41:41+00:00\" \/>\n<meta property=\"og:image\" content=\"https:\/\/mirkakaarina.fi\/wp-content\/uploads\/2018\/05\/MirkaKaarina_maalis-2018.jpg\" \/>\n\t<meta property=\"og:image:width\" content=\"2048\" \/>\n\t<meta property=\"og:image:height\" content=\"2048\" \/>\n\t<meta property=\"og:image:type\" content=\"image\/jpeg\" \/>\n<meta name=\"twitter:card\" content=\"summary_large_image\" \/>\n<meta name=\"twitter:label1\" content=\"Arvioitu lukuaika\" \/>\n\t<meta name=\"twitter:data1\" content=\"3 minuuttia\" \/>\n<script type=\"application\/ld+json\" class=\"yoast-schema-graph\">{\"@context\":\"https:\/\/schema.org\",\"@graph\":[{\"@type\":\"WebPage\",\"@id\":\"https:\/\/mirkakaarina.fi\/?page_id=555\",\"url\":\"https:\/\/mirkakaarina.fi\/?page_id=555\",\"name\":\"Oma musiikki \/ Singer-Songwriting \/ Store - MirkaKaarina\",\"isPartOf\":{\"@id\":\"https:\/\/mirkakaarina.fi\/#website\"},\"datePublished\":\"2018-06-18T20:05:13+00:00\",\"dateModified\":\"2024-04-20T18:41:41+00:00\",\"breadcrumb\":{\"@id\":\"https:\/\/mirkakaarina.fi\/?page_id=555#breadcrumb\"},\"inLanguage\":\"fi\",\"potentialAction\":[{\"@type\":\"ReadAction\",\"target\":[\"https:\/\/mirkakaarina.fi\/?page_id=555\"]}]},{\"@type\":\"BreadcrumbList\",\"@id\":\"https:\/\/mirkakaarina.fi\/?page_id=555#breadcrumb\",\"itemListElement\":[{\"@type\":\"ListItem\",\"position\":1,\"name\":\"Home\",\"item\":\"https:\/\/mirkakaarina.fi\/\"},{\"@type\":\"ListItem\",\"position\":2,\"name\":\"Oma musiikki \/ Singer-Songwriting \/ Store\"}]},{\"@type\":\"WebSite\",\"@id\":\"https:\/\/mirkakaarina.fi\/#website\",\"url\":\"https:\/\/mirkakaarina.fi\/\",\"name\":\"MirkaKaarina\",\"description\":\"Laulaja, lauluntekij\u00e4, laulunopettaja\",\"potentialAction\":[{\"@type\":\"SearchAction\",\"target\":{\"@type\":\"EntryPoint\",\"urlTemplate\":\"https:\/\/mirkakaarina.fi\/?s={search_term_string}\"},\"query-input\":\"required name=search_term_string\"}],\"inLanguage\":\"fi\"}]}<\/script>\n<!-- \/ Yoast SEO plugin. -->","yoast_head_json":{"title":"Oma musiikki \/ Singer-Songwriting \/ Store - MirkaKaarina","robots":{"index":"index","follow":"follow","max-snippet":"max-snippet:-1","max-image-preview":"max-image-preview:large","max-video-preview":"max-video-preview:-1"},"canonical":"https:\/\/mirkakaarina.fi\/?page_id=555","og_locale":"fi_FI","og_type":"article","og_title":"Oma musiikki \/ Singer-Songwriting \/ Store - MirkaKaarina","og_description":"ASTANGAKASKELOTTI-EP ULKONA! \u00a0 Tuorein, syksyll\u00e4 2023 julkaistu levyni kantaa nime\u00e4 Astangakaskelotti. Minialbumi on viiden biisin kokonaisuus, joka esittelee minusta rockimman puolen. Kahdelta edelliselt\u00e4 julkaisulta tuttua ovat lyriikoiden vahva kertomuksellisuus sek\u00e4 inhorealistinen ote el\u00e4misen absurditeetteihin. Poljento on osin liven\u00e4 tehtyjen \u00e4\u00e4nitysten ja erityisesti vahvan, upean b\u00e4ndin my\u00f6t\u00e4 entist\u00e4 stydimp\u00e4\u00e4. Minialbumin b\u00e4ndisoinnista vastaavat kitaristi Antti Katajisto, basisti [&hellip;]","og_url":"https:\/\/mirkakaarina.fi\/?page_id=555","og_site_name":"MirkaKaarina","article_modified_time":"2024-04-20T18:41:41+00:00","og_image":[{"width":2048,"height":2048,"url":"https:\/\/mirkakaarina.fi\/wp-content\/uploads\/2018\/05\/MirkaKaarina_maalis-2018.jpg","type":"image\/jpeg"}],"twitter_card":"summary_large_image","twitter_misc":{"Arvioitu lukuaika":"3 minuuttia"},"schema":{"@context":"https:\/\/schema.org","@graph":[{"@type":"WebPage","@id":"https:\/\/mirkakaarina.fi\/?page_id=555","url":"https:\/\/mirkakaarina.fi\/?page_id=555","name":"Oma musiikki \/ Singer-Songwriting \/ Store - MirkaKaarina","isPartOf":{"@id":"https:\/\/mirkakaarina.fi\/#website"},"datePublished":"2018-06-18T20:05:13+00:00","dateModified":"2024-04-20T18:41:41+00:00","breadcrumb":{"@id":"https:\/\/mirkakaarina.fi\/?page_id=555#breadcrumb"},"inLanguage":"fi","potentialAction":[{"@type":"ReadAction","target":["https:\/\/mirkakaarina.fi\/?page_id=555"]}]},{"@type":"BreadcrumbList","@id":"https:\/\/mirkakaarina.fi\/?page_id=555#breadcrumb","itemListElement":[{"@type":"ListItem","position":1,"name":"Home","item":"https:\/\/mirkakaarina.fi\/"},{"@type":"ListItem","position":2,"name":"Oma musiikki \/ Singer-Songwriting \/ Store"}]},{"@type":"WebSite","@id":"https:\/\/mirkakaarina.fi\/#website","url":"https:\/\/mirkakaarina.fi\/","name":"MirkaKaarina","description":"Laulaja, lauluntekij\u00e4, laulunopettaja","potentialAction":[{"@type":"SearchAction","target":{"@type":"EntryPoint","urlTemplate":"https:\/\/mirkakaarina.fi\/?s={search_term_string}"},"query-input":"required name=search_term_string"}],"inLanguage":"fi"}]}},"_links":{"self":[{"href":"https:\/\/mirkakaarina.fi\/index.php?rest_route=\/wp\/v2\/pages\/555"}],"collection":[{"href":"https:\/\/mirkakaarina.fi\/index.php?rest_route=\/wp\/v2\/pages"}],"about":[{"href":"https:\/\/mirkakaarina.fi\/index.php?rest_route=\/wp\/v2\/types\/page"}],"author":[{"embeddable":true,"href":"https:\/\/mirkakaarina.fi\/index.php?rest_route=\/wp\/v2\/users\/2"}],"replies":[{"embeddable":true,"href":"https:\/\/mirkakaarina.fi\/index.php?rest_route=%2Fwp%2Fv2%2Fcomments&post=555"}],"version-history":[{"count":53,"href":"https:\/\/mirkakaarina.fi\/index.php?rest_route=\/wp\/v2\/pages\/555\/revisions"}],"predecessor-version":[{"id":1890,"href":"https:\/\/mirkakaarina.fi\/index.php?rest_route=\/wp\/v2\/pages\/555\/revisions\/1890"}],"wp:featuredmedia":[{"embeddable":true,"href":"https:\/\/mirkakaarina.fi\/index.php?rest_route=\/wp\/v2\/media\/522"}],"wp:attachment":[{"href":"https:\/\/mirkakaarina.fi\/index.php?rest_route=%2Fwp%2Fv2%2Fmedia&parent=555"}],"curies":[{"name":"wp","href":"https:\/\/api.w.org\/{rel}","templated":true}]}}